{"id":184,"date":"2020-10-09T11:57:39","date_gmt":"2020-10-09T09:57:39","guid":{"rendered":"https:\/\/childhoods-uw.harmony-systems.com\/?page_id=184"},"modified":"2020-11-02T18:08:31","modified_gmt":"2020-11-02T17:08:31","slug":"participate","status":"publish","type":"page","link":"https:\/\/mip.uw.edu.pl\/en\/participate\/","title":{"rendered":"Participate"},"content":{"rendered":"\n<div class=\"wp-block-buttons\">\n<div class=\"wp-block-button\"><a class=\"wp-block-button__link\" href=\"mailto:mip@uw.edu.pl\" target=\"_blank\" rel=\"noreferrer noopener\"><\/a><\/div>\n<\/div>\n\n\n\n<p>Ca\u0142y czas szukamy dzieci i m\u0142odych os\u00f3b, kt\u00f3re chcia\u0142yby z nami porozmawia\u0107 o pandemii. Je\u017celi masz ochot\u0119 nam opowiedzie\u0107, jak prze\u017cy\u0142a\u015b\/prze\u017cy\u0142e\u015b lockdown, jak ze zdaln\u0105 edukacj\u0105 poradzi\u0142a sobie Twoja szko\u0142a, jak si\u0119 w pandemii zdawa\u0142o egzamin \u00f3smoklasisty albo matur\u0119, czy boisz si\u0119 powrotu do normalnej szko\u0142y, co Ci\u0119 najbardziej niepokoi albo \u015bmieszy, czy z\u0142o\u015bci \u2013 napisz do nas! Jedna z nas um\u00f3wi si\u0119 z Tob\u0105 na wywiad (mo\u017cemy si\u0119 te\u017c um\u00f3wi\u0107 na rozmow\u0119 online). Wywiad etnograficzny nie przebiega wed\u0142ug \u015bci\u015ble ustalonego kwestionariusza, jest po prostu rozmow\u0105 o Twoim do\u015bwiadczeniu. Dlatego to w du\u017cej mierze od Ciebie zale\u017cy, ile b\u0119dzie trwa\u0107, ale zwykle zajmuje oko\u0142o godziny.\u00a0\u00a0Je\u017celi nie masz 18 lat, \u017ceby przeprowadzi\u0107 rozmow\u0119 b\u0119dziemy potrzebowa\u0142y pisemnej zgody Twojego rodzica (lub opiekuna prawnego) [<a href=\"https:\/\/childhoods-uw.harmony-systems.com\/wp-content\/uploads\/zgody.pdf\" target=\"_blank\" rel=\"noreferrer noopener\">tu wz\u00f3r zgody do pobrania<\/a>].\u00a0<\/p>\n\n\n\n<p>Czekamy te\u017c na prace dzieci tematycznie zwi\u0105zane z pandemi\u0105. Je\u017celi chcia\u0142aby\u015b\/chcia\u0142by\u015b przes\u0142a\u0107 nam zdj\u0119cie swojego rysunku\/kola\u017cu\/rze\u017aby albo opowiadanie\/wiersz\/tekst piosenki \u2013 b\u0119dziemy bardzo wdzi\u0119czne. Potrzebna nam b\u0119dzie zgoda Twojego rodzica na umieszczenie pracy w Archiwum (i w\u0142\u0105czenie jej do bada\u0144) [<a rel=\"noreferrer noopener\" href=\"https:\/\/childhoods-uw.harmony-systems.com\/wp-content\/uploads\/zgody.pdf\" data-type=\"URL\" data-id=\"https:\/\/childhoods-uw.harmony-systems.com\/wp-content\/uploads\/zgody.pdf\" target=\"_blank\">tutaj zgoda<\/a>].\u00a0<\/p>\n\n\n\n<p>Zanim do nas napiszesz, zapoznaj si\u0119 z&nbsp;<a href=\"https:\/\/childhoods-uw.harmony-systems.com\/zglos-prace\/regulamin\/\" target=\"_blank\" rel=\"noreferrer noopener\">Regulaminem<\/a>&nbsp;i nasz\u0105&nbsp;<a rel=\"noreferrer noopener\" href=\"https:\/\/childhoods-uw.harmony-systems.com\/polityka-prywatnosci\/\" target=\"_blank\">Polityk\u0105 Prywatno\u015bci<\/a>.<\/p>\n","protected":false},"excerpt":{"rendered":"<p>Ca\u0142y czas szukamy dzieci i m\u0142odych os\u00f3b, kt\u00f3re chcia\u0142yby z nami porozmawia\u0107 o pandemii. Je\u017celi masz ochot\u0119 nam opowiedzie\u0107, jak prze\u017cy\u0142a\u015b\/prze\u017cy\u0142e\u015b lockdown, jak ze zdaln\u0105 edukacj\u0105 poradzi\u0142a sobie Twoja szko\u0142a, jak si\u0119 w pandemii zdawa\u0142o egzamin \u00f3smoklasisty albo matur\u0119, czy boisz si\u0119 powrotu do normalnej szko\u0142y, co Ci\u0119 najbardziej niepokoi albo \u015bmieszy, czy z\u0142o\u015bci \u2013 [&hellip;]<\/p>\n","protected":false},"author":1,"featured_media":756,"parent":0,"menu_order":0,"comment_status":"closed","ping_status":"closed","template":"","meta":[],"_links":{"self":[{"href":"https:\/\/mip.uw.edu.pl\/en\/wp-json\/wp\/v2\/pages\/184"}],"collection":[{"href":"https:\/\/mip.uw.edu.pl\/en\/wp-json\/wp\/v2\/pages"}],"about":[{"href":"https:\/\/mip.uw.edu.pl\/en\/wp-json\/wp\/v2\/types\/page"}],"author":[{"embeddable":true,"href":"https:\/\/mip.uw.edu.pl\/en\/wp-json\/wp\/v2\/users\/1"}],"replies":[{"embeddable":true,"href":"https:\/\/mip.uw.edu.pl\/en\/wp-json\/wp\/v2\/comments?post=184"}],"version-history":[{"count":8,"href":"https:\/\/mip.uw.edu.pl\/en\/wp-json\/wp\/v2\/pages\/184\/revisions"}],"predecessor-version":[{"id":1264,"href":"https:\/\/mip.uw.edu.pl\/en\/wp-json\/wp\/v2\/pages\/184\/revisions\/1264"}],"wp:featuredmedia":[{"embeddable":true,"href":"https:\/\/mip.uw.edu.pl\/en\/wp-json\/wp\/v2\/media\/756"}],"wp:attachment":[{"href":"https:\/\/mip.uw.edu.pl\/en\/wp-json\/wp\/v2\/media?parent=184"}],"curies":[{"name":"wp","href":"https:\/\/api.w.org\/{rel}","templated":true}]}}