{"id":176,"date":"2020-10-09T11:55:57","date_gmt":"2020-10-09T09:55:57","guid":{"rendered":"https:\/\/childhoods-uw.harmony-systems.com\/?page_id=176"},"modified":"2020-11-01T00:42:46","modified_gmt":"2020-10-31T23:42:46","slug":"contact","status":"publish","type":"page","link":"https:\/\/mip.uw.edu.pl\/en\/contact\/","title":{"rendered":"Contact"},"content":{"rendered":"\n<div class=\"wp-block-columns\">\n<div class=\"wp-block-column\">\n<h3>Interdyscyplinarny Zesp\u00f3\u0142 Bada\u0144 nad Dzieci\u0144stwem UW<\/h3>\n\n\n\n<p><a href=\"http:\/\/childhoods.uw.edu.pl\">childhoods.uw.edu.pl<\/a><br><a href=\"mailto:badaniazdziecmi@gmail.com\" target=\"_blank\" rel=\"noreferrer noopener\">badaniazdziecmi@gmail.com<\/a><\/p>\n\n\n\n<a class=\"icon-fb\" href=\"#\"><svg xmlns=\"http:\/\/www.w3.org\/2000\/svg\" width=\"10.42\" height=\"22.422\" viewBox=\"0 0 10.42 22.422\">\n  <path id=\"Path_143\" data-name=\"Path 143\" d=\"M397.224,255.027h-3.142v11.2h-4.655v-11.2h-2.216v-3.957h2.216v-2.562c0-1.834.87-4.7,4.7-4.7l3.449.014v3.843h-2.5a.947.947,0,0,0-.988,1.078v2.328h3.55Z\" transform=\"translate(-387.211 -243.807)\" fill=\"#c8259b\"><\/path>\n<\/svg>\n\n<\/a>\n<\/div>\n\n\n\n<div class=\"wp-block-column\">\n<h3>Instytut Etnologii <br>i Antropologii Kulturowej UW<\/h3>\n\n\n\n<p>ul. \u017burawia 4<br>00-503 Warszawa<br><a href=\"mailto:etnologia@uw.edu.pl\">etnologia@uw.edu.pl<\/a><\/p>\n\n\n\n<p><a href=\"https:\/\/childhoods-uw.harmony-systems.com\/kontakt\/#\"><\/a><\/p>\n<\/div>\n<\/div>\n","protected":false},"excerpt":{"rendered":"<p>Interdyscyplinarny Zesp\u00f3\u0142 Bada\u0144 nad Dzieci\u0144stwem UW childhoods.uw.edu.plbadaniazdziecmi@gmail.com Instytut Etnologii i Antropologii Kulturowej UW ul. \u017burawia 400-503 Warszawaetnologia@uw.edu.pl<\/p>\n","protected":false},"author":1,"featured_media":0,"parent":0,"menu_order":0,"comment_status":"closed","ping_status":"closed","template":"page-templates\/contact.php","meta":[],"_links":{"self":[{"href":"https:\/\/mip.uw.edu.pl\/en\/wp-json\/wp\/v2\/pages\/176"}],"collection":[{"href":"https:\/\/mip.uw.edu.pl\/en\/wp-json\/wp\/v2\/pages"}],"about":[{"href":"https:\/\/mip.uw.edu.pl\/en\/wp-json\/wp\/v2\/types\/page"}],"author":[{"embeddable":true,"href":"https:\/\/mip.uw.edu.pl\/en\/wp-json\/wp\/v2\/users\/1"}],"replies":[{"embeddable":true,"href":"https:\/\/mip.uw.edu.pl\/en\/wp-json\/wp\/v2\/comments?post=176"}],"version-history":[{"count":3,"href":"https:\/\/mip.uw.edu.pl\/en\/wp-json\/wp\/v2\/pages\/176\/revisions"}],"predecessor-version":[{"id":1207,"href":"https:\/\/mip.uw.edu.pl\/en\/wp-json\/wp\/v2\/pages\/176\/revisions\/1207"}],"wp:attachment":[{"href":"https:\/\/mip.uw.edu.pl\/en\/wp-json\/wp\/v2\/media?parent=176"}],"curies":[{"name":"wp","href":"https:\/\/api.w.org\/{rel}","templated":true}]}}